{"id":46,"date":"2018-01-23T06:47:45","date_gmt":"2018-01-23T06:47:45","guid":{"rendered":"https:\/\/demos.artbees.net\/jupiter\/labrandeus\/?page_id=46"},"modified":"2026-01-08T21:28:53","modified_gmt":"2026-01-08T20:28:53","slug":"about-us","status":"publish","type":"page","link":"https:\/\/www.peinture-industrielle33.com\/index.php\/about-us\/","title":{"rendered":"Nos Moyens"},"content":{"rendered":"<div class=\"wpb-content-wrapper\">[mk_page_section vertical_align=&#8221;center&#8221; bg_image=&#8221;http:\/\/www.peinture-industrielle33.com\/wp-content\/uploads\/2024\/07\/mha33-banniere1.jpg&#8221; bg_position=&#8221;center top&#8221; bg_repeat=&#8221;no-repeat&#8221; bg_stretch=&#8221;true&#8221; min_height=&#8221;0&#8243; full_width=&#8221;true&#8221; padding_top=&#8221;400&#8243; padding_bottom=&#8221;450&#8243; top_shape_size=&#8221;small&#8221; sidebar=&#8221;sidebar-1&#8243;][vc_column width=&#8221;1\/3&#8243;][\/vc_column][\/mk_page_section][vc_row fullwidth=&#8221;true&#8221; css=&#8221;.vc_custom_1722520997374{background-color: #2bab55 !important;}&#8221;][vc_column][mk_padding_divider size=&#8221;39&#8243;][vc_single_image image=&#8221;11774&#8243; alignment=&#8221;center&#8221; style=&#8221;vc_box_border_circle_2&#8243; css=&#8221;&#8221;][mk_fancy_title color=&#8221;#ffffff&#8221; size=&#8221;30&#8243; line_height=&#8221;69&#8243; font_weight=&#8221;bold&#8221; letter_spacing=&#8221;-1&#8243; font_family=&#8221;none&#8221; align=&#8221;center&#8221;]Qualit\u00e9 et s\u00e9curit\u00e9<\/p>\n<p>au c\u0153ur de l&#8217;entreprise[\/mk_fancy_title][mk_padding_divider size=&#8221;16&#8243;][\/vc_column][\/vc_row][vc_row][vc_column][mk_padding_divider size=&#8221;55&#8243;][vc_column_text align=&#8221;center&#8221; css=&#8221;.vc_custom_1722521913459{margin-bottom: 0px !important;}&#8221;]Nous nous sommes <strong>investis dans une d\u00e9marche constante d&#8217;am\u00e9lioration<\/strong>. La gestion de nos d\u00e9chets est m\u00e9ticuleuse, avec un tri et un recyclage syst\u00e9matiques dans des fili\u00e8res adapt\u00e9es. En r\u00e9ponse \u00e0 la toxicit\u00e9 des peintures CMR, nous suivons un protocole s\u00e9curis\u00e9 qui vise \u00e0 <strong>pr\u00e9server la sant\u00e9 de nos employ\u00e9s et l&#8217;\u00e9quilibre environnemental<\/strong>.[\/vc_column_text][mk_padding_divider][\/vc_column][\/vc_row][vc_row][vc_column][vc_separator border_width=&#8221;2&#8243; css=&#8221;&#8221;][\/vc_column][\/vc_row][vc_row][vc_column width=&#8221;1\/3&#8243;][vc_single_image image=&#8221;11757&#8243; alignment=&#8221;center&#8221; css=&#8221;&#8221;][mk_fancy_title size=&#8221;23&#8243; line_height=&#8221;51&#8243; font_family=&#8221;none&#8221; align=&#8221;center&#8221;]Mat\u00e9riels<\/p>\n<p>sp\u00e9cifiques[\/mk_fancy_title][mk_custom_list icon_color=&#8221;#2bab55&#8243; margin_bottom=&#8221;-30&#8243; align=&#8221;center&#8221;]\n<ul>\n<li>Chariots \u00e9l\u00e9vateurs (jusqu\u2019\u00e0 3,5 T)<\/li>\n<li>Sableuses<\/li>\n<li>Compresseurs thermiques<\/li>\n<li>Pompes \u00e0 peintures airless<\/li>\n<li>Nettoyeurs HP<\/li>\n<\/ul>\n[\/mk_custom_list][\/vc_column][vc_column width=&#8221;1\/3&#8243;][vc_single_image image=&#8221;11762&#8243; alignment=&#8221;center&#8221; css=&#8221;&#8221;][mk_fancy_title size=&#8221;23&#8243; line_height=&#8221;51&#8243; font_family=&#8221;none&#8221; align=&#8221;center&#8221;]Nos<\/p>\n<p>Moyens[\/mk_fancy_title][mk_custom_list icon_color=&#8221;#2bab55&#8243; margin_bottom=&#8221;-30&#8243; align=&#8221;center&#8221;]\n<ul>\n<li>430 m2 d\u2019atelier couvert<\/li>\n<li>Zone de sablage de 300 m2<\/li>\n<li>3000 m2 d\u2019aire de stockage<\/li>\n<\/ul>\n[\/mk_custom_list][mk_padding_divider size=&#8221;55&#8243;][\/vc_column][vc_column width=&#8221;1\/3&#8243;][vc_single_image image=&#8221;11763&#8243; alignment=&#8221;center&#8221; css=&#8221;&#8221;][mk_fancy_title size=&#8221;23&#8243; line_height=&#8221;51&#8243; font_family=&#8221;none&#8221; align=&#8221;center&#8221;]Nos \u00e9quipes<\/p>\n<p>exp\u00e9riment\u00e9es et qualifi\u00e9es[\/mk_fancy_title][mk_custom_list icon_color=&#8221;#2bab55&#8243; margin_bottom=&#8221;-30&#8243; align=&#8221;center&#8221;]\n<ul>\n<li>Peintres certifi\u00e9s ACQPA<\/li>\n<li>Peintres cordistes ACQPA<\/li>\n<li>Risques chimiques (N1+N2)<\/li>\n<li>Habilitation \u00e9lectrique<\/li>\n<li>Echafaudage CACES nacelle<\/li>\n<\/ul>\n[\/mk_custom_list][\/vc_column][\/vc_row][vc_row fullwidth=&#8221;true&#8221;][vc_column][\/vc_column][\/vc_row][vc_row][vc_column][mk_padding_divider size=&#8221;57&#8243;][vc_single_image image=&#8221;11776&#8243; img_size=&#8221;full&#8221; alignment=&#8221;center&#8221; css_animation=&#8221;fadeIn&#8221; css=&#8221;&#8221;][vc_separator border_width=&#8221;2&#8243; css=&#8221;&#8221;][\/vc_column][\/vc_row][vc_row][vc_column width=&#8221;1\/3&#8243;][\/vc_column][vc_column width=&#8221;1\/3&#8243;][vc_single_image image=&#8221;11779&#8243; img_size=&#8221;130&#8243; alignment=&#8221;center&#8221; css_animation=&#8221;fadeIn&#8221; css=&#8221;&#8221;][\/vc_column][vc_column width=&#8221;1\/3&#8243;][\/vc_column][\/vc_row][vc_row][vc_column][\/vc_column][\/vc_row][mk_page_section vertical_align=&#8221;center&#8221; layout_structure=&#8221;half_left&#8221; bg_image=&#8221;http:\/\/www.peinture-industrielle33.com\/wp-content\/uploads\/2024\/08\/chateau-scaled.jpg&#8221; bg_color=&#8221;#2bab55&#8243; bg_stretch=&#8221;true&#8221; min_height=&#8221;846&#8243; full_width=&#8221;true&#8221;][vc_column][mk_padding_divider][mk_fancy_title tag_name=&#8221;h3&#8243; color=&#8221;#ffffff&#8221; size=&#8221;39&#8243; line_height=&#8221;130&#8243; font_weight=&#8221;bold&#8221; txt_transform=&#8221;capitalize&#8221; margin_top=&#8221;24&#8243; margin_bottom=&#8221;15&#8243; font_family=&#8221;none&#8221; align=&#8221;center&#8221; animation=&#8221;top-to-bottom&#8221;]Au service de la qualit\u00e9,<\/p>\n<p>\u00e0 chaque \u00e9tape[\/mk_fancy_title][mk_fancy_title tag_name=&#8221;span&#8221; color=&#8221;#ffffff&#8221; size=&#8221;19&#8243; line_height=&#8221;82&#8243; font_weight=&#8221;400&#8243; txt_transform=&#8221;none&#8221; margin_bottom=&#8221;0&#8243; font_family=&#8221;none&#8221; align=&#8221;center&#8221; animation=&#8221;top-to-bottom&#8221;]Un travail de qualit\u00e9 adh\u00e8re aux normes de l&#8217;industrie,<\/p>\n<p>aux r\u00e8glements et aux standards de s\u00e9curit\u00e9,<\/p>\n<p>garantissant la conformit\u00e9 et la s\u00e9curit\u00e9[\/mk_fancy_title][mk_padding_divider size=&#8221;87&#8243;][\/vc_column][\/mk_page_section][vc_row][vc_column][\/vc_column][\/vc_row]\n<\/div>","protected":false},"excerpt":{"rendered":"<p>[mk_page_section vertical_align=&#8221;center&#8221; bg_image=&#8221;http:\/\/www.peinture-industrielle33.com\/wp-content\/uploads\/2024\/07\/mha33-banniere1.jpg&#8221; bg_position=&#8221;center top&#8221; bg_repeat=&#8221;no-repeat&#8221; bg_stretch=&#8221;true&#8221; min_height=&#8221;0&#8243; full_width=&#8221;true&#8221; padding_top=&#8221;400&#8243; padding_bottom=&#8221;450&#8243; top_shape_size=&#8221;small&#8221; sidebar=&#8221;sidebar-1&#8243;][vc_column width=&#8221;1\/3&#8243;][\/vc_column][\/mk_page_section][vc_row fullwidth=&#8221;true&#8221; css=&#8221;.vc_custom_1722520997374{background-color: #2bab55 !important;}&#8221;][vc_column][mk_padding_divider size=&#8221;39&#8243;][vc_single_image image=&#8221;11774&#8243; alignment=&#8221;center&#8221; style=&#8221;vc_box_border_circle_2&#8243; css=&#8221;&#8221;][mk_fancy_title color=&#8221;#ffffff&#8221; size=&#8221;30&#8243; line_height=&#8221;69&#8243; font_weight=&#8221;bold&#8221; letter_spacing=&#8221;-1&#8243; font_family=&#8221;none&#8221; align=&#8221;center&#8221;]Qualit\u00e9 et s\u00e9curit\u00e9 au c\u0153ur de l&#8217;entreprise[\/mk_fancy_title][mk_padding_divider size=&#8221;16&#8243;][\/vc_column][\/vc_row][vc_row][vc_column][mk_padding_divider size=&#8221;55&#8243;][vc_column_text align=&#8221;center&#8221; css=&#8221;.vc_custom_1722521913459{margin-bottom: 0px !important;}&#8221;]Nous nous sommes investis dans une d\u00e9marche constante d&#8217;am\u00e9lioration. La gestion de nos d\u00e9chets [&hellip;]<\/p>\n","protected":false},"author":3,"featured_media":0,"parent":0,"menu_order":0,"comment_status":"closed","ping_status":"closed","template":"","meta":{"footnotes":""},"class_list":["post-46","page","type-page","status-publish","hentry"],"yoast_head":"<!-- This site is optimized with the Yoast SEO plugin v23.1 - https:\/\/yoast.com\/wordpress\/plugins\/seo\/ -->\n<title>Nos Moyens - MHA 33 peinture industrielle<\/title>\n<meta name=\"description\" content=\"MHA 33 peinture industrielle en gironde - d\u00e9capage - Lavage Haute pression - Peinture industrielle\" \/>\n<meta name=\"robots\" content=\"index, follow, max-snippet:-1, max-image-preview:large, max-video-preview:-1\" \/>\n<link rel=\"canonical\" href=\"https:\/\/www.peinture-industrielle33.com\/index.php\/about-us\/\" \/>\n<meta property=\"og:locale\" content=\"en_US\" \/>\n<meta property=\"og:type\" content=\"article\" \/>\n<meta property=\"og:title\" content=\"Nos Moyens - MHA 33 peinture industrielle\" \/>\n<meta property=\"og:description\" content=\"MHA 33 peinture industrielle en gironde - d\u00e9capage - Lavage Haute pression - Peinture industrielle\" \/>\n<meta property=\"og:url\" content=\"https:\/\/www.peinture-industrielle33.com\/index.php\/about-us\/\" \/>\n<meta property=\"og:site_name\" content=\"MHA 33 peinture industrielle\" \/>\n<meta property=\"article:modified_time\" content=\"2026-01-08T20:28:53+00:00\" \/>\n<meta property=\"og:image\" content=\"https:\/\/www.peinture-industrielle33.com\/wp-content\/uploads\/2024\/07\/mha33-image-header2.jpg\" \/>\n\t<meta property=\"og:image:width\" content=\"1920\" \/>\n\t<meta property=\"og:image:height\" content=\"1080\" \/>\n\t<meta property=\"og:image:type\" content=\"image\/jpeg\" \/>\n<meta name=\"twitter:card\" content=\"summary_large_image\" \/>\n<meta name=\"twitter:label1\" content=\"Est. reading time\" \/>\n\t<meta name=\"twitter:data1\" content=\"3 minutes\" \/>\n<script type=\"application\/ld+json\" class=\"yoast-schema-graph\">{\"@context\":\"https:\/\/schema.org\",\"@graph\":[{\"@type\":\"WebPage\",\"@id\":\"https:\/\/www.peinture-industrielle33.com\/index.php\/about-us\/\",\"url\":\"https:\/\/www.peinture-industrielle33.com\/index.php\/about-us\/\",\"name\":\"Nos Moyens - MHA 33 peinture industrielle\",\"isPartOf\":{\"@id\":\"https:\/\/www.peinture-industrielle33.com\/#website\"},\"datePublished\":\"2018-01-23T06:47:45+00:00\",\"dateModified\":\"2026-01-08T20:28:53+00:00\",\"description\":\"MHA 33 peinture industrielle en gironde - d\u00e9capage - Lavage Haute pression - Peinture industrielle\",\"breadcrumb\":{\"@id\":\"https:\/\/www.peinture-industrielle33.com\/index.php\/about-us\/#breadcrumb\"},\"inLanguage\":\"en-US\",\"potentialAction\":[{\"@type\":\"ReadAction\",\"target\":[\"https:\/\/www.peinture-industrielle33.com\/index.php\/about-us\/\"]}]},{\"@type\":\"BreadcrumbList\",\"@id\":\"https:\/\/www.peinture-industrielle33.com\/index.php\/about-us\/#breadcrumb\",\"itemListElement\":[{\"@type\":\"ListItem\",\"position\":1,\"name\":\"Accueil\",\"item\":\"https:\/\/www.peinture-industrielle33.com\/\"},{\"@type\":\"ListItem\",\"position\":2,\"name\":\"Nos Moyens\"}]},{\"@type\":\"WebSite\",\"@id\":\"https:\/\/www.peinture-industrielle33.com\/#website\",\"url\":\"https:\/\/www.peinture-industrielle33.com\/\",\"name\":\"MHA 33 peinture industrielle\",\"description\":\"D\u00e9capage - Lavage HP - Peinture industrielle\",\"publisher\":{\"@id\":\"https:\/\/www.peinture-industrielle33.com\/#organization\"},\"potentialAction\":[{\"@type\":\"SearchAction\",\"target\":{\"@type\":\"EntryPoint\",\"urlTemplate\":\"https:\/\/www.peinture-industrielle33.com\/?s={search_term_string}\"},\"query-input\":\"required name=search_term_string\"}],\"inLanguage\":\"en-US\"},{\"@type\":\"Organization\",\"@id\":\"https:\/\/www.peinture-industrielle33.com\/#organization\",\"name\":\"MHA 33 peinture industrielle\",\"url\":\"https:\/\/www.peinture-industrielle33.com\/\",\"logo\":{\"@type\":\"ImageObject\",\"inLanguage\":\"en-US\",\"@id\":\"https:\/\/www.peinture-industrielle33.com\/#\/schema\/logo\/image\/\",\"url\":\"https:\/\/www.peinture-industrielle33.com\/wp-content\/uploads\/2024\/07\/logo-mha33-3.png\",\"contentUrl\":\"https:\/\/www.peinture-industrielle33.com\/wp-content\/uploads\/2024\/07\/logo-mha33-3.png\",\"width\":857,\"height\":325,\"caption\":\"MHA 33 peinture industrielle\"},\"image\":{\"@id\":\"https:\/\/www.peinture-industrielle33.com\/#\/schema\/logo\/image\/\"}}]}<\/script>\n<!-- \/ Yoast SEO plugin. -->","yoast_head_json":{"title":"Nos Moyens - MHA 33 peinture industrielle","description":"MHA 33 peinture industrielle en gironde - d\u00e9capage - Lavage Haute pression - Peinture industrielle","robots":{"index":"index","follow":"follow","max-snippet":"max-snippet:-1","max-image-preview":"max-image-preview:large","max-video-preview":"max-video-preview:-1"},"canonical":"https:\/\/www.peinture-industrielle33.com\/index.php\/about-us\/","og_locale":"en_US","og_type":"article","og_title":"Nos Moyens - MHA 33 peinture industrielle","og_description":"MHA 33 peinture industrielle en gironde - d\u00e9capage - Lavage Haute pression - Peinture industrielle","og_url":"https:\/\/www.peinture-industrielle33.com\/index.php\/about-us\/","og_site_name":"MHA 33 peinture industrielle","article_modified_time":"2026-01-08T20:28:53+00:00","og_image":[{"width":1920,"height":1080,"url":"https:\/\/www.peinture-industrielle33.com\/wp-content\/uploads\/2024\/07\/mha33-image-header2.jpg","type":"image\/jpeg"}],"twitter_card":"summary_large_image","twitter_misc":{"Est. reading time":"3 minutes"},"schema":{"@context":"https:\/\/schema.org","@graph":[{"@type":"WebPage","@id":"https:\/\/www.peinture-industrielle33.com\/index.php\/about-us\/","url":"https:\/\/www.peinture-industrielle33.com\/index.php\/about-us\/","name":"Nos Moyens - MHA 33 peinture industrielle","isPartOf":{"@id":"https:\/\/www.peinture-industrielle33.com\/#website"},"datePublished":"2018-01-23T06:47:45+00:00","dateModified":"2026-01-08T20:28:53+00:00","description":"MHA 33 peinture industrielle en gironde - d\u00e9capage - Lavage Haute pression - Peinture industrielle","breadcrumb":{"@id":"https:\/\/www.peinture-industrielle33.com\/index.php\/about-us\/#breadcrumb"},"inLanguage":"en-US","potentialAction":[{"@type":"ReadAction","target":["https:\/\/www.peinture-industrielle33.com\/index.php\/about-us\/"]}]},{"@type":"BreadcrumbList","@id":"https:\/\/www.peinture-industrielle33.com\/index.php\/about-us\/#breadcrumb","itemListElement":[{"@type":"ListItem","position":1,"name":"Accueil","item":"https:\/\/www.peinture-industrielle33.com\/"},{"@type":"ListItem","position":2,"name":"Nos Moyens"}]},{"@type":"WebSite","@id":"https:\/\/www.peinture-industrielle33.com\/#website","url":"https:\/\/www.peinture-industrielle33.com\/","name":"MHA 33 peinture industrielle","description":"D\u00e9capage - Lavage HP - Peinture industrielle","publisher":{"@id":"https:\/\/www.peinture-industrielle33.com\/#organization"},"potentialAction":[{"@type":"SearchAction","target":{"@type":"EntryPoint","urlTemplate":"https:\/\/www.peinture-industrielle33.com\/?s={search_term_string}"},"query-input":"required name=search_term_string"}],"inLanguage":"en-US"},{"@type":"Organization","@id":"https:\/\/www.peinture-industrielle33.com\/#organization","name":"MHA 33 peinture industrielle","url":"https:\/\/www.peinture-industrielle33.com\/","logo":{"@type":"ImageObject","inLanguage":"en-US","@id":"https:\/\/www.peinture-industrielle33.com\/#\/schema\/logo\/image\/","url":"https:\/\/www.peinture-industrielle33.com\/wp-content\/uploads\/2024\/07\/logo-mha33-3.png","contentUrl":"https:\/\/www.peinture-industrielle33.com\/wp-content\/uploads\/2024\/07\/logo-mha33-3.png","width":857,"height":325,"caption":"MHA 33 peinture industrielle"},"image":{"@id":"https:\/\/www.peinture-industrielle33.com\/#\/schema\/logo\/image\/"}}]}},"_links":{"self":[{"href":"https:\/\/www.peinture-industrielle33.com\/index.php\/wp-json\/wp\/v2\/pages\/46","targetHints":{"allow":["GET"]}}],"collection":[{"href":"https:\/\/www.peinture-industrielle33.com\/index.php\/wp-json\/wp\/v2\/pages"}],"about":[{"href":"https:\/\/www.peinture-industrielle33.com\/index.php\/wp-json\/wp\/v2\/types\/page"}],"author":[{"embeddable":true,"href":"https:\/\/www.peinture-industrielle33.com\/index.php\/wp-json\/wp\/v2\/users\/3"}],"replies":[{"embeddable":true,"href":"https:\/\/www.peinture-industrielle33.com\/index.php\/wp-json\/wp\/v2\/comments?post=46"}],"version-history":[{"count":39,"href":"https:\/\/www.peinture-industrielle33.com\/index.php\/wp-json\/wp\/v2\/pages\/46\/revisions"}],"predecessor-version":[{"id":11908,"href":"https:\/\/www.peinture-industrielle33.com\/index.php\/wp-json\/wp\/v2\/pages\/46\/revisions\/11908"}],"wp:attachment":[{"href":"https:\/\/www.peinture-industrielle33.com\/index.php\/wp-json\/wp\/v2\/media?parent=46"}],"curies":[{"name":"wp","href":"https:\/\/api.w.org\/{rel}","templated":true}]}}